{"id":436,"date":"2024-10-29T21:54:06","date_gmt":"2024-10-29T21:54:06","guid":{"rendered":"https:\/\/belufisio.com\/contacto\/"},"modified":"2025-09-08T08:45:24","modified_gmt":"2025-09-08T08:45:24","slug":"contacto","status":"publish","type":"page","link":"https:\/\/belufisio.com\/en\/contacto\/","title":{"rendered":"Pide cita"},"content":{"rendered":"<section class=\"services_10_1 background-1-light\" id=\"\" data-block-id=\"69e16aefebe0369e16aefebe04\" data-block-name=\"acf\/services-10-1\" data-post-id=\"436\" data-stable-id=\"block_6f09ac5b71162a08b694cd12c94e2767\">\r\n    <div class=\"container\">\r\n        <div class=\"row\">\r\n            <div class=\"col col-titulo\" data-aos=\"fade-up\">\r\n                                <h2 class=\"tamano2 color-1-headings-dark\">Elije que servicio quieres <\/h2>\r\n                                            <\/div>\r\n            <div class=\"col col-servicios\">\r\n                                                                                                            <div class=\"servicio-item\" data-aos=\"fade-up\" data-aos-delay=\"0\">\r\n                            <div class=\"icono color-logotipo-positive\">\r\n                                                                                                            <svg fill=\"currentColor\"  xmlns=\"http:\/\/www.w3.org\/2000\/svg\" viewBox=\"0 0 576 512\"><!--! Font Awesome Pro 6.7.2 by @fontawesome - https:\/\/fontawesome.com License - https:\/\/fontawesome.com\/license (Commercial License) Copyright 2024 Fonticons, Inc. --><path d=\"M316.9 18C311.6 7 300.4 0 288.1 0s-23.4 7-28.8 18L195 150.3 51.4 171.5c-12 1.8-22 10.2-25.7 21.7s-.7 24.2 7.9 32.7L137.8 329 113.2 474.7c-2 12 3 24.2 12.9 31.3s23 8 33.8 2.3l128.3-68.5 128.3 68.5c10.8 5.7 23.9 4.9 33.8-2.3s14.9-19.3 12.9-31.3L438.5 329 542.7 225.9c8.6-8.5 11.7-21.2 7.9-32.7s-13.7-19.9-25.7-21.7L381.2 150.3 316.9 18z\"\/><\/svg>                                                                    \r\n                            <\/div>\r\n                            <div class=\"textocont\">\r\n\r\n                                <h3 class=\"tamano5 color-1-headings-dark\">\r\n                                                                            <a href=\"https:\/\/belufisio.com\/contacto\/#calendario \"\r\n                                            class=\"color-1-headings-dark text-decoration-none\">\r\n                                                                        Presoterapia                                                                             <\/a>\r\n                                                                    <\/h3>\r\n                                                                    <div class=\"texto-bullet tamano7 color-1-body-dark\">\r\n                                        <div class=\"gmail_default\">Mejora la circulaci\u00f3n, reduce edemas, piernas cansadas, retenci\u00f3n de l\u00edquidos y ayuda a la recuperaci\u00f3n muscular.<\/div>\n<p>Ideal como complemento est\u00e9tico, para recuperaci\u00f3n deportiva o simplemente para desconectar.<\/p>\n<p>&nbsp;<\/p>\n<p><em><strong>Ligereza, descanso y salud en una sola sesi\u00f3n.<\/strong><\/em><\/p>\n                                    <\/div>\r\n                                                            <\/div>\r\n                        <\/div>\r\n                                                                        <div class=\"servicio-item\" data-aos=\"fade-up\" data-aos-delay=\"0\">\r\n                            <div class=\"icono color-logotipo-positive\">\r\n                                                                                                            <svg fill=\"currentColor\"  xmlns=\"http:\/\/www.w3.org\/2000\/svg\" viewBox=\"0 0 576 512\"><!--! Font Awesome Pro 6.7.2 by @fontawesome - https:\/\/fontawesome.com License - https:\/\/fontawesome.com\/license (Commercial License) Copyright 2024 Fonticons, Inc. --><path d=\"M316.9 18C311.6 7 300.4 0 288.1 0s-23.4 7-28.8 18L195 150.3 51.4 171.5c-12 1.8-22 10.2-25.7 21.7s-.7 24.2 7.9 32.7L137.8 329 113.2 474.7c-2 12 3 24.2 12.9 31.3s23 8 33.8 2.3l128.3-68.5 128.3 68.5c10.8 5.7 23.9 4.9 33.8-2.3s14.9-19.3 12.9-31.3L438.5 329 542.7 225.9c8.6-8.5 11.7-21.2 7.9-32.7s-13.7-19.9-25.7-21.7L381.2 150.3 316.9 18z\"\/><\/svg>                                                                    \r\n                            <\/div>\r\n                            <div class=\"textocont\">\r\n\r\n                                <h3 class=\"tamano5 color-1-headings-dark\">\r\n                                                                            <a href=\"https:\/\/belufisio.com\/contacto\/#calendario \"\r\n                                            class=\"color-1-headings-dark text-decoration-none\">\r\n                                                                        Fisioterapia                                                                             <\/a>\r\n                                                                    <\/h3>\r\n                                                                    <div class=\"texto-bullet tamano7 color-1-body-dark\">\r\n                                        <p>Tratamientos personalizados para aliviar contracturas, dolores musculares, lesiones deportivas y problemas articulares.<\/p>\n<p>Tambi\u00e9n abordamos disfunciones de ATM (mand\u00edbula), cervicalgias, lumbalgias, ci\u00e1ticas y recuperaci\u00f3n postoperatoria.<\/p>\n<p>Terapias avanzadas: Diatermia BioTecna, Ondas de choque, Neuromodulaci\u00f3n, Ecograf\u00eda y Terapia manual.<\/p>\n<p>&nbsp;<\/p>\n<p><em><strong>\u00a0T<\/strong><strong><em>u c<\/em>uerpo se merece un tratamiento de ra\u00edz, no solo un parche.<\/strong><\/em><\/p>\n                                    <\/div>\r\n                                                            <\/div>\r\n                        <\/div>\r\n                                                                        <div class=\"servicio-item\" data-aos=\"fade-up\" data-aos-delay=\"0\">\r\n                            <div class=\"icono color-logotipo-positive\">\r\n                                                                                                            <svg fill=\"currentColor\"  xmlns=\"http:\/\/www.w3.org\/2000\/svg\" viewBox=\"0 0 576 512\"><!--! Font Awesome Pro 6.7.2 by @fontawesome - https:\/\/fontawesome.com License - https:\/\/fontawesome.com\/license (Commercial License) Copyright 2024 Fonticons, Inc. --><path d=\"M316.9 18C311.6 7 300.4 0 288.1 0s-23.4 7-28.8 18L195 150.3 51.4 171.5c-12 1.8-22 10.2-25.7 21.7s-.7 24.2 7.9 32.7L137.8 329 113.2 474.7c-2 12 3 24.2 12.9 31.3s23 8 33.8 2.3l128.3-68.5 128.3 68.5c10.8 5.7 23.9 4.9 33.8-2.3s14.9-19.3 12.9-31.3L438.5 329 542.7 225.9c8.6-8.5 11.7-21.2 7.9-32.7s-13.7-19.9-25.7-21.7L381.2 150.3 316.9 18z\"\/><\/svg>                                                                    \r\n                            <\/div>\r\n                            <div class=\"textocont\">\r\n\r\n                                <h3 class=\"tamano5 color-1-headings-dark\">\r\n                                                                            <a href=\"https:\/\/belufisio.com\/contacto\/#calendario \"\r\n                                            class=\"color-1-headings-dark text-decoration-none\">\r\n                                                                        Dermoest\u00e9tica                                                                             <\/a>\r\n                                                                    <\/h3>\r\n                                                                    <div class=\"texto-bullet tamano7 color-1-body-dark\">\r\n                                        <p>Tratamientos faciales y corporales con tecnolog\u00eda BioTecna.<\/p>\n<p>\u2013 Facial: Rejuvenecimiento, tratamiento de arrugas, firmeza y salud de la piel.<\/p>\n<p>\u2013 Corporal: Reducci\u00f3n de celulitis, grasa localizada y mejora del tono cut\u00e1neo.<\/p>\n<p>Usamos diatermia, ion-resonance (m\u00e9todo C.R.I) y abordajes personalizados seg\u00fan tu objetivo.<\/p>\n<p>&nbsp;<\/p>\n<p><em><strong>\u00a0Cuidarte tambi\u00e9n es sanar.<\/strong><\/em><\/p>\n                                    <\/div>\r\n                                                            <\/div>\r\n                        <\/div>\r\n                                                                        <\/div>\r\n        <\/div>\r\n    <\/div>\r\n<\/section>\r\n<style>\r\n    .services_10_1 .col-servicios .servicio-item .textocont {\r\n        max-width: calc(100% - 45px);\r\n    }\r\n\r\n    .services_10_1 .col-servicios .servicio-item h3 {\r\n\r\n        padding-bottom: 25px;\r\n    }\r\n\r\n    .services_10_1 .col-servicios .servicio-item {\r\n        width: calc(25% - 22.5px);\r\n        display: flex;\r\n        gap: 20px;\r\n        justify-content: center;\r\n    }\r\n\r\n    .services_10_1 .col-servicios {\r\n        display: flex;\r\n        flex-wrap: wrap;\r\n        justify-content: center;\r\n        gap: 30px;\r\n        row-gap: 90px;\r\n    }\r\n\r\n    .services_10_1 .icono .icon-image,\r\n    .services_10_1 .icono svg {\r\n        max-width: 24px;\r\n        min-height: var(--tamano5-line-height);\r\n        object-fit: contain;\r\n    }\r\n\r\n    .services_10_1 .text-decoration-none {\r\n        text-decoration: none\r\n    }\r\n\r\n    .services_10_1 {\r\n        padding: 80px 0;\r\n        position: relative;\r\n    }\r\n\r\n    .services_10_1 .texto * {\r\n        padding-bottom: 15px;\r\n    }\r\n\r\n    .services_10_1 .texto *:last-child {\r\n        padding-bottom: 0;\r\n    }\r\n\r\n    .services_10_1 .texto {\r\n        max-width: 855px;\r\n        text-align: center;\r\n        margin: 0 auto;\r\n        padding-bottom: 80px;\r\n    }\r\n\r\n    .services_10_1 h2 {\r\n        padding-bottom: 35px;\r\n        text-align: center;\r\n        max-width: 855px;\r\n        margin: 0 auto;\r\n    }\r\n\r\n    @media (max-width:1200px) {\r\n        .services_10_1 .col-servicios .servicio-item {\r\n            width: calc(33.33% - 20px);\r\n        }\r\n    }\r\n\r\n    @media (max-width:992px) {\r\n        .services_10_1 .col-servicios {\r\n            row-gap: 50px;\r\n        }\r\n\r\n        .services_10_1 .col-servicios .servicio-item {\r\n            width: calc(50% - 15px);\r\n        }\r\n\r\n        .services_10_1 {\r\n            padding: 40px 0;\r\n        }\r\n\r\n        .services_10_1 h2 {\r\n            padding-bottom: 25px;\r\n        }\r\n\r\n        .services_10_1 .texto {\r\n            padding-bottom: 50px;\r\n        }\r\n    }\r\n\r\n    @media (max-width:768px) {\r\n        .services_10_1 .col-servicios {\r\n            row-gap: 35px;\r\n        }\r\n\r\n        .services_10_1 .col-servicios .servicio-item {\r\n            width: 100%;\r\n        }\r\n    }\r\n<\/style>\r\n\n\n<section class=\"iframe_calendly_1_2 background-1-dark\" id=\"calendario\" data-block-id=\"69e16aeff370969e16aeff370a\" data-block-name=\"acf\/iframe-calendly-1-2\" data-post-id=\"436\" data-stable-id=\"block_f88d991247b3fb2bc96b07a0501d4243\">\r\n    <div class=\"container\">\r\n        <div class=\"row\">\r\n            <div class=\"col\">\r\n                <div class=\"iframecont\">\r\n                <div class=\"responsive-iframe\">\r\n                        <!-- Principio del widget integrado de Calendly -->\r\n<div class=\"calendly-inline-widget\" data-url=\"https:\/\/calendly.com\/belufranciafisio?hide_landing_page_details=1&#038;hide_gdpr_banner=1&#038;primary_color=d200ff\" style=\"min-width:320px;height:700px;\"><\/div>\r\n<script type=\"text\/javascript\" src=\"https:\/\/assets.calendly.com\/assets\/external\/widget.js\" async><\/script>\r\n<!-- Final del widget integrado de Calendly -->                    <\/div>\r\n                <\/div>\r\n            <\/div>\r\n        <\/div>\r\n    <\/div>\r\n<\/section>\r\n<style>\r\n.iframe_calendly_1_2{\r\n    padding:80px 0;\r\n}\r\n.iframe_calendly_1_2 .responsive-iframe {\r\n    position: relative;\r\n    padding-bottom: 56.25%; \/* 16:9 aspect ratio *\/\r\n    height: auto;\r\n    overflow: hidden;\r\n    max-width: 100%;\r\n    background: #fff;\r\n}\r\n\r\n.iframe_calendly_1_2 .responsive-iframe iframe {\r\n    position: absolute;\r\n    top: 0;\r\n    left: 0;\r\n    width: 100%;\r\n    height: 100%;\r\n    border: 0;\r\n}\r\n@media (max-width:1200px){\r\n    .iframe_calendly_1_2{\r\n        padding:40px 0;\r\n    }\r\n}\r\n<\/style>","protected":false},"excerpt":{"rendered":"","protected":false},"author":1,"featured_media":0,"parent":0,"menu_order":3,"comment_status":"open","ping_status":"closed","template":"","meta":{"_acf_changed":false,"iawp_total_views":1,"footnotes":""},"class_list":["post-436","page","type-page","status-publish","hentry"],"acf":[],"yoast_head":"<!-- This site is optimized with the Yoast SEO plugin v27.4 - https:\/\/yoast.com\/product\/yoast-seo-wordpress\/ -->\n<title>Servicios de Presoterapia, Fisioterapia y Dermoest\u00e9tica<\/title>\n<meta name=\"description\" content=\"Descubre nuestros tratamientos para mejorar circulaci\u00f3n, aliviar dolores y rejuvenecer tu piel. Bienestar, salud y belleza en un solo lugar. Vis\u00edtanos y elige el ideal para ti.\" \/>\n<meta name=\"robots\" content=\"index, follow, max-snippet:-1, max-image-preview:large, max-video-preview:-1\" \/>\n<link rel=\"canonical\" href=\"https:\/\/belufisio.com\/en\/contacto\/\" \/>\n<meta property=\"og:locale\" content=\"en_US\" \/>\n<meta property=\"og:type\" content=\"article\" \/>\n<meta property=\"og:title\" content=\"Servicios de Presoterapia, Fisioterapia y Dermoest\u00e9tica\" \/>\n<meta property=\"og:description\" content=\"Descubre nuestros tratamientos para mejorar circulaci\u00f3n, aliviar dolores y rejuvenecer tu piel. Bienestar, salud y belleza en un solo lugar. Vis\u00edtanos y elige el ideal para ti.\" \/>\n<meta property=\"og:url\" content=\"https:\/\/belufisio.com\/en\/contacto\/\" \/>\n<meta property=\"og:site_name\" content=\"belufrancia@gmail.com\" \/>\n<meta property=\"article:modified_time\" content=\"2025-09-08T08:45:24+00:00\" \/>\n<meta name=\"twitter:card\" content=\"summary_large_image\" \/>\n<!-- \/ Yoast SEO plugin. -->","yoast_head_json":{"title":"Servicios de Presoterapia, Fisioterapia y Dermoest\u00e9tica","description":"Descubre nuestros tratamientos para mejorar circulaci\u00f3n, aliviar dolores y rejuvenecer tu piel. Bienestar, salud y belleza en un solo lugar. Vis\u00edtanos y elige el ideal para ti.","robots":{"index":"index","follow":"follow","max-snippet":"max-snippet:-1","max-image-preview":"max-image-preview:large","max-video-preview":"max-video-preview:-1"},"canonical":"https:\/\/belufisio.com\/en\/contacto\/","og_locale":"en_US","og_type":"article","og_title":"Servicios de Presoterapia, Fisioterapia y Dermoest\u00e9tica","og_description":"Descubre nuestros tratamientos para mejorar circulaci\u00f3n, aliviar dolores y rejuvenecer tu piel. Bienestar, salud y belleza en un solo lugar. Vis\u00edtanos y elige el ideal para ti.","og_url":"https:\/\/belufisio.com\/en\/contacto\/","og_site_name":"belufrancia@gmail.com","article_modified_time":"2025-09-08T08:45:24+00:00","twitter_card":"summary_large_image","schema":{"@context":"https:\/\/schema.org","@graph":[{"@type":"WebPage","@id":"https:\/\/belufisio.com\/en\/contacto\/","url":"https:\/\/belufisio.com\/en\/contacto\/","name":"Servicios de Presoterapia, Fisioterapia y Dermoest\u00e9tica","isPartOf":{"@id":"https:\/\/belufisio.com\/en\/#website"},"datePublished":"2024-10-29T21:54:06+00:00","dateModified":"2025-09-08T08:45:24+00:00","description":"Descubre nuestros tratamientos para mejorar circulaci\u00f3n, aliviar dolores y rejuvenecer tu piel. Bienestar, salud y belleza en un solo lugar. Vis\u00edtanos y elige el ideal para ti.","breadcrumb":{"@id":"https:\/\/belufisio.com\/en\/contacto\/#breadcrumb"},"inLanguage":"en-US","potentialAction":[{"@type":"ReadAction","target":["https:\/\/belufisio.com\/en\/contacto\/"]}]},{"@type":"BreadcrumbList","@id":"https:\/\/belufisio.com\/en\/contacto\/#breadcrumb","itemListElement":[{"@type":"ListItem","position":1,"name":"Portada","item":"https:\/\/belufisio.com\/en\/"},{"@type":"ListItem","position":2,"name":"Pide cita"}]},{"@type":"WebSite","@id":"https:\/\/belufisio.com\/en\/#website","url":"https:\/\/belufisio.com\/en\/","name":"belufrancia@gmail.com","description":"","publisher":{"@id":"https:\/\/belufisio.com\/en\/#organization"},"potentialAction":[{"@type":"SearchAction","target":{"@type":"EntryPoint","urlTemplate":"https:\/\/belufisio.com\/en\/?s={search_term_string}"},"query-input":{"@type":"PropertyValueSpecification","valueRequired":true,"valueName":"search_term_string"}}],"inLanguage":"en-US"},{"@type":"Organization","@id":"https:\/\/belufisio.com\/en\/#organization","name":"belufrancia@gmail.com","url":"https:\/\/belufisio.com\/en\/","logo":{"@type":"ImageObject","inLanguage":"en-US","@id":"https:\/\/belufisio.com\/en\/#\/schema\/logo\/image\/","url":"https:\/\/belufisio.com\/wp-content\/uploads\/2024\/10\/6721170789dfa_logo-belu-pared.png","contentUrl":"https:\/\/belufisio.com\/wp-content\/uploads\/2024\/10\/6721170789dfa_logo-belu-pared.png","width":2560,"height":1811,"caption":"belufrancia@gmail.com"},"image":{"@id":"https:\/\/belufisio.com\/en\/#\/schema\/logo\/image\/"}}]}},"_links":{"self":[{"href":"https:\/\/belufisio.com\/en\/wp-json\/wp\/v2\/pages\/436","targetHints":{"allow":["GET"]}}],"collection":[{"href":"https:\/\/belufisio.com\/en\/wp-json\/wp\/v2\/pages"}],"about":[{"href":"https:\/\/belufisio.com\/en\/wp-json\/wp\/v2\/types\/page"}],"author":[{"embeddable":true,"href":"https:\/\/belufisio.com\/en\/wp-json\/wp\/v2\/users\/1"}],"replies":[{"embeddable":true,"href":"https:\/\/belufisio.com\/en\/wp-json\/wp\/v2\/comments?post=436"}],"version-history":[{"count":36,"href":"https:\/\/belufisio.com\/en\/wp-json\/wp\/v2\/pages\/436\/revisions"}],"predecessor-version":[{"id":1419,"href":"https:\/\/belufisio.com\/en\/wp-json\/wp\/v2\/pages\/436\/revisions\/1419"}],"wp:attachment":[{"href":"https:\/\/belufisio.com\/en\/wp-json\/wp\/v2\/media?parent=436"}],"curies":[{"name":"wp","href":"https:\/\/api.w.org\/{rel}","templated":true}]}}